{"id":10,"date":"2020-09-15T06:48:15","date_gmt":"2020-09-15T06:48:15","guid":{"rendered":"http:\/\/magdaleenaperearstid.ee\/?page_id=10"},"modified":"2026-01-13T19:19:52","modified_gmt":"2026-01-13T19:19:52","slug":"avaleht","status":"publish","type":"page","link":"https:\/\/magdaleenaperearstid.ee\/","title":{"rendered":"Avaleht"},"content":{"rendered":"\n<div class=\"wp-block-cover alignfull is-light\" style=\"min-height:809px;aspect-ratio:unset;\"><img loading=\"lazy\" decoding=\"async\" width=\"1920\" height=\"1280\" class=\"wp-block-cover__image-background wp-image-139\" alt=\"\" src=\"http:\/\/magdaleenaperearstid.ee\/wp-content\/uploads\/2021\/07\/pink-324175_1920.jpg\" data-object-fit=\"cover\" srcset=\"https:\/\/magdaleenaperearstid.ee\/wp-content\/uploads\/2021\/07\/pink-324175_1920.jpg 1920w, https:\/\/magdaleenaperearstid.ee\/wp-content\/uploads\/2021\/07\/pink-324175_1920-300x200.jpg 300w, https:\/\/magdaleenaperearstid.ee\/wp-content\/uploads\/2021\/07\/pink-324175_1920-1024x683.jpg 1024w, https:\/\/magdaleenaperearstid.ee\/wp-content\/uploads\/2021\/07\/pink-324175_1920-768x512.jpg 768w, https:\/\/magdaleenaperearstid.ee\/wp-content\/uploads\/2021\/07\/pink-324175_1920-1536x1024.jpg 1536w\" sizes=\"auto, (max-width: 1920px) 100vw, 1920px\" \/><span aria-hidden=\"true\" class=\"wp-block-cover__background has-black-background-color has-background-dim\"><\/span><div class=\"wp-block-cover__inner-container is-layout-flow wp-block-cover-is-layout-flow\">\n<hr class=\"wp-block-separator has-css-opacity aligncenter\"\/>\n\n\n\n<h1 class=\"wp-block-heading has-text-align-center has-white-color has-text-color\">Magdaleena perearstid<\/h1>\n\n\n\n<div class=\"wp-block-buttons is-horizontal is-content-justification-center is-layout-flex wp-container-core-buttons-is-layout-499968f5 wp-block-buttons-is-layout-flex\"><\/div>\n<\/div><\/div>\n\n\n\n<div class=\"wp-block-group alignfull has-white-background-color has-background\"><div class=\"wp-block-group__inner-container is-layout-flow wp-block-group-is-layout-flow\">\n<div class=\"wp-block-columns alignfull is-layout-flex wp-container-core-columns-is-layout-9d6595d7 wp-block-columns-is-layout-flex\">\n<div class=\"wp-block-column is-layout-flow wp-block-column-is-layout-flow\">\n<div class=\"wp-block-group\"><div class=\"wp-block-group__inner-container is-layout-flow wp-block-group-is-layout-flow\">\n<p><strong>Alates 16.10.2024 saab perearstikeskusesse p\u00f6\u00f6rduda e-kirja asemel e-p\u00f6\u00f6rdumise kaudu.<br>Alates 01.12.2024 meilidele enam ei vastata.<\/strong><\/p>\n<\/div><\/div>\n\n\n\n<div class=\"wp-block-group\"><div class=\"wp-block-group__inner-container is-layout-flow wp-block-group-is-layout-flow\">\n<p>Hea patsient! Edaspidi v\u00f5ta meiega \u00fchendust Certificu e-p\u00f6\u00f6rdumise kaudu aadressil <a href=\"https:\/\/www.perearst24.ee\/\" title=\"\">perearst24.ee<\/a><br>See on kiirem ja turvalisem viis saada oma tervisemurele v\u00f5i k\u00fcsimusele lahendus. P\u00f6\u00f6rdumise saad<br>edastada \u00f6\u00f6p\u00e4evaringselt, kuid tegeleme sellega keskuse lahtiolekuaegadel.<\/p>\n\n\n\n<p>Uue lahenduse kaudu saad muuhulgas teha j\u00e4rgnevaid toiminguid:<\/p>\n\n\n\n<ul class=\"wp-block-list\">\n<li>kirjeldada oma terviseprobleemi<\/li>\n\n\n\n<li>uuendada retsepte<\/li>\n\n\n\n<li>saab infot haiguslehtede, hoolduslehtede ja terviset\u00f5endite kohta<\/li>\n<\/ul>\n\n\n\n<p><\/p>\n\n\n\n<p>Meie perearstikeskus osutab esmatasandi meditsiiniteenust alates 2002 aastast. Pakutavate teenuste hulka kuuluvad: perearsti ja pere\u00f5e vastuv\u00f5tt, imikute ja v\u00e4ikelaste arengu j\u00e4lgimine ja immuniseerimine, krooniliste haigete j\u00e4lgimine ja n\u00f5ustamine, ennetust\u00f6\u00f6 erinevate t\u00e4iskasvanute gruppidega, t\u00f5endite vormistamine. Lisaks teeme erinevaid protseduure, n\u00e4iteks k\u00f5rvaloputus, sidumised, \u00f5mbluste eemaldamine, EKG tegemine jne.&nbsp;<\/p>\n\n\n\n<p><strong>Meie perearstid<\/strong>: Helve Salumets, Hannela Meikup, Kaie Arpo, K\u00e4rt Alas (Kaie Arpo abiarst), Mari J\u00fcrim\u00e4e (Kaie Arpo abiarst) ja Silvi Kukk (Helve Salumetsa abiarst)<\/p>\n\n\n\n<p><strong>Meie pere\u00f5ed<\/strong>: Kaili Kauler, K\u00fclli P\u00f5der, Julia Terepent\u0161uk, Gerli M\u00e4gi, Jaanika Maidla ja Anneli \u00d5im<\/p>\n\n\n\n<p>Asume Magdaleena Tervisemaja 1. korrusel.<\/p>\n\n\n\n<p>Kabinetid: 101, 102, 103, 104, 105, 106 ja 107<\/p>\n\n\n\n<p><br><strong>Oleme avatud<\/strong><br>\u0095 E-N 08.00 \u2013 18.00<br>\u0095 R 08.00 \u2013 16.00&nbsp;<br><br><strong>TELEFONI TEEL TEENINDUS<\/strong><br>Esmane konsultatsioon ja perearsti vastuv\u00f5tule registreerimine toimub telefonil&nbsp;606 77 55 Helve Salumetsa ja Hannela Meikupi nimistul. Telefonil 606 76 58 Kaie Arpo nimistul.<br><br>K\u00f5nedele vastame t\u00f6\u00f6p\u00e4eviti&nbsp;08.00 &#8211; 18.00 ning reedel 08.00 &#8211; 16.00.<br>Koduvisiitide registreerimine t\u00f6\u00f6p\u00e4eviti 08.00 &#8211; 13.00.<\/p>\n\n\n\n<p>Telefoni teel pakutavad teenused:<\/p>\n\n\n\n<ul class=\"wp-block-list\">\n<li>\u0095 Perearsti vastuv\u00f5tule registreerimine<\/li>\n\n\n\n<li>\u0095 Esmased n\u00f5uanded ja konsultatsioon<\/li>\n\n\n\n<li>\u0095 Haiguslehe avamine kohe haigestumise p\u00e4eval<\/li>\n\n\n\n<li>\u0095 EMO t\u00f5endi aluse kuni 3 p\u00e4eva hiljem haigestumise p\u00e4evast<\/li>\n<\/ul>\n\n\n\n<p><br>Palume nii perearsti kui pere\u00f5e vastuv\u00f5tule eelnevalt telefoni teel registreeruda. Ka saatekirjadeks eriarstile ja terviset\u00f5endite vormistamiseks palume eelnevalt telefoni teel registreerida aeg vastuv\u00f5tule<br><\/p>\n\n\n\n<div class=\"wp-block-buttons is-horizontal is-content-justification-center is-layout-flex wp-container-core-buttons-is-layout-499968f5 wp-block-buttons-is-layout-flex\"><\/div>\n<\/div><\/div>\n\n\n\n<p class=\"has-text-align-center\"><\/p>\n<\/div>\n<\/div>\n<\/div><\/div>\n\n\n\n<div class=\"wp-block-group alignfull has-white-background-color has-background\"><div class=\"wp-block-group__inner-container is-layout-flow wp-block-group-is-layout-flow\">\n<div class=\"wp-block-columns alignwide are-vertically-aligned-center is-layout-flex wp-container-core-columns-is-layout-9d6595d7 wp-block-columns-is-layout-flex\">\n<div class=\"wp-block-column is-vertically-aligned-center is-layout-flow wp-block-column-is-layout-flow\" style=\"flex-basis:33.33%\">\n<div class=\"wp-block-buttons is-layout-flex wp-block-buttons-is-layout-flex\"><\/div>\n<\/div>\n\n\n\n<div class=\"wp-block-column is-vertically-aligned-center is-layout-flow wp-block-column-is-layout-flow\" style=\"flex-basis:66.66%\"><\/div>\n<\/div>\n<\/div><\/div>\n","protected":false},"excerpt":{"rendered":"<p>Alates 16.10.2024 saab perearstikeskusesse p\u00f6\u00f6rduda e-kirja asemel e-p\u00f6\u00f6rdumise kaudu.Alates 01.12.2024 meilidele enam ei vastata. Hea patsient! Edaspidi v\u00f5ta meiega \u00fchendust Certificu e-p\u00f6\u00f6rdumise kaudu aadressil perearst24.eeSee&#8230;<\/p>\n","protected":false},"author":1,"featured_media":0,"parent":0,"menu_order":0,"comment_status":"closed","ping_status":"closed","template":"","meta":{"om_disable_all_campaigns":false,"_monsterinsights_skip_tracking":false,"_monsterinsights_sitenote_active":false,"_monsterinsights_sitenote_note":"","_monsterinsights_sitenote_category":0,"footnotes":""},"class_list":["post-10","page","type-page","status-publish","hentry"],"aioseo_notices":[],"_links":{"self":[{"href":"https:\/\/magdaleenaperearstid.ee\/index.php?rest_route=\/wp\/v2\/pages\/10","targetHints":{"allow":["GET"]}}],"collection":[{"href":"https:\/\/magdaleenaperearstid.ee\/index.php?rest_route=\/wp\/v2\/pages"}],"about":[{"href":"https:\/\/magdaleenaperearstid.ee\/index.php?rest_route=\/wp\/v2\/types\/page"}],"author":[{"embeddable":true,"href":"https:\/\/magdaleenaperearstid.ee\/index.php?rest_route=\/wp\/v2\/users\/1"}],"replies":[{"embeddable":true,"href":"https:\/\/magdaleenaperearstid.ee\/index.php?rest_route=%2Fwp%2Fv2%2Fcomments&post=10"}],"version-history":[{"count":26,"href":"https:\/\/magdaleenaperearstid.ee\/index.php?rest_route=\/wp\/v2\/pages\/10\/revisions"}],"predecessor-version":[{"id":261,"href":"https:\/\/magdaleenaperearstid.ee\/index.php?rest_route=\/wp\/v2\/pages\/10\/revisions\/261"}],"wp:attachment":[{"href":"https:\/\/magdaleenaperearstid.ee\/index.php?rest_route=%2Fwp%2Fv2%2Fmedia&parent=10"}],"curies":[{"name":"wp","href":"https:\/\/api.w.org\/{rel}","templated":true}]}}