{"id":130,"date":"2020-09-15T06:48:39","date_gmt":"2020-09-15T06:48:39","guid":{"rendered":"http:\/\/magdaleenaperearstid.ee\/?page_id=130"},"modified":"2021-07-31T07:37:46","modified_gmt":"2021-07-31T07:37:46","slug":"projects","status":"publish","type":"page","link":"https:\/\/magdaleenaperearstid.ee\/?page_id=130","title":{"rendered":"K\u00fcsimustik"},"content":{"rendered":"\n<div class=\"wp-block-group alignfull has-white-background-color has-background\"><div class=\"wp-block-group__inner-container is-layout-flow wp-block-group-is-layout-flow\"><\/div><\/div>\n\n\n<div class=\"wpforms-container wpforms-block\" id=\"wpforms-181\"><form id=\"wpforms-form-181\" class=\"wpforms-validate wpforms-form wpforms-ajax-form\" data-formid=\"181\" method=\"post\" enctype=\"multipart\/form-data\" action=\"\/index.php?rest_route=%2Fwp%2Fv2%2Fpages%2F130\" data-token=\"ccee6289ec8935b3f23c3db7767e50a0\" data-token-time=\"1777533296\"><noscript class=\"wpforms-error-noscript\">Please enable JavaScript in your browser to complete this form.<\/noscript><div class=\"wpforms-field-container\"><div id=\"wpforms-181-field_5-container\" class=\"wpforms-field wpforms-field-radio\" data-field-id=\"5\"><label class=\"wpforms-field-label\">Sugu<\/label><ul id=\"wpforms-181-field_5\"><li class=\"choice-1 depth-1\"><input type=\"radio\" id=\"wpforms-181-field_5_1\" name=\"wpforms[fields][5]\" value=\"Mees\"  ><label class=\"wpforms-field-label-inline\" for=\"wpforms-181-field_5_1\">Mees<\/label><\/li><li class=\"choice-2 depth-1\"><input type=\"radio\" id=\"wpforms-181-field_5_2\" name=\"wpforms[fields][5]\" value=\"Naine\"  ><label class=\"wpforms-field-label-inline\" for=\"wpforms-181-field_5_2\">Naine<\/label><\/li><\/ul><\/div><div id=\"wpforms-181-field_6-container\" class=\"wpforms-field wpforms-field-number\" data-field-id=\"6\"><label class=\"wpforms-field-label\" for=\"wpforms-181-field_6\">Vanus<\/label><input type=\"number\" id=\"wpforms-181-field_6\" class=\"wpforms-field-medium\" name=\"wpforms[fields][6]\" step=\"any\" ><\/div><div id=\"wpforms-181-field_8-container\" class=\"wpforms-field wpforms-field-radio\" data-field-id=\"8\"><label class=\"wpforms-field-label\">Kas olete rahul vastuv\u00f5tule saamise kiirusega?<\/label><ul id=\"wpforms-181-field_8\"><li class=\"choice-1 depth-1\"><input type=\"radio\" id=\"wpforms-181-field_8_1\" name=\"wpforms[fields][8]\" value=\"Jah\"  ><label class=\"wpforms-field-label-inline\" for=\"wpforms-181-field_8_1\">Jah<\/label><\/li><li class=\"choice-2 depth-1\"><input type=\"radio\" id=\"wpforms-181-field_8_2\" name=\"wpforms[fields][8]\" value=\"Pigem jah\"  ><label class=\"wpforms-field-label-inline\" for=\"wpforms-181-field_8_2\">Pigem jah<\/label><\/li><li class=\"choice-3 depth-1\"><input type=\"radio\" id=\"wpforms-181-field_8_3\" name=\"wpforms[fields][8]\" value=\"Pigem ei\"  ><label class=\"wpforms-field-label-inline\" for=\"wpforms-181-field_8_3\">Pigem ei<\/label><\/li><li class=\"choice-4 depth-1\"><input type=\"radio\" id=\"wpforms-181-field_8_4\" name=\"wpforms[fields][8]\" value=\"Ei\"  ><label class=\"wpforms-field-label-inline\" for=\"wpforms-181-field_8_4\">Ei<\/label><\/li><li class=\"choice-5 depth-1\"><input type=\"radio\" id=\"wpforms-181-field_8_5\" name=\"wpforms[fields][8]\" value=\"Ei oska \u00f6elda\"  ><label class=\"wpforms-field-label-inline\" for=\"wpforms-181-field_8_5\">Ei oska \u00f6elda<\/label><\/li><\/ul><\/div><div id=\"wpforms-181-field_7-container\" class=\"wpforms-field wpforms-field-radio\" data-field-id=\"7\"><label class=\"wpforms-field-label\">Kas olete vajadusel pere\u00f5e telefoni teel k\u00e4tte saanud?<\/label><ul id=\"wpforms-181-field_7\"><li class=\"choice-1 depth-1\"><input type=\"radio\" id=\"wpforms-181-field_7_1\" name=\"wpforms[fields][7]\" value=\"Jah\"  ><label class=\"wpforms-field-label-inline\" for=\"wpforms-181-field_7_1\">Jah<\/label><\/li><li class=\"choice-2 depth-1\"><input type=\"radio\" id=\"wpforms-181-field_7_2\" name=\"wpforms[fields][7]\" value=\"Pigem jah\"  ><label class=\"wpforms-field-label-inline\" for=\"wpforms-181-field_7_2\">Pigem jah<\/label><\/li><li class=\"choice-3 depth-1\"><input type=\"radio\" id=\"wpforms-181-field_7_3\" name=\"wpforms[fields][7]\" value=\"Pigem ei\"  ><label class=\"wpforms-field-label-inline\" for=\"wpforms-181-field_7_3\">Pigem ei<\/label><\/li><li class=\"choice-4 depth-1\"><input type=\"radio\" id=\"wpforms-181-field_7_4\" name=\"wpforms[fields][7]\" value=\"Ei\"  ><label class=\"wpforms-field-label-inline\" for=\"wpforms-181-field_7_4\">Ei<\/label><\/li><li class=\"choice-5 depth-1\"><input type=\"radio\" id=\"wpforms-181-field_7_5\" name=\"wpforms[fields][7]\" value=\"Ei ole olnud vajadust\"  ><label class=\"wpforms-field-label-inline\" for=\"wpforms-181-field_7_5\">Ei ole olnud vajadust<\/label><\/li><li class=\"choice-6 depth-1\"><input type=\"radio\" id=\"wpforms-181-field_7_6\" name=\"wpforms[fields][7]\" value=\"Ei oska \u00f6elda\"  ><label class=\"wpforms-field-label-inline\" for=\"wpforms-181-field_7_6\">Ei oska \u00f6elda<\/label><\/li><\/ul><\/div><div id=\"wpforms-181-field_10-container\" class=\"wpforms-field wpforms-field-checkbox\" data-field-id=\"10\"><label class=\"wpforms-field-label\">Milliste probleemidega p\u00f6\u00f6rduksite esmalt pere\u00f5e vastuv\u00f5tule?<\/label><ul id=\"wpforms-181-field_10\"><li class=\"choice-1 depth-1\"><input type=\"checkbox\" id=\"wpforms-181-field_10_1\" name=\"wpforms[fields][10][]\" value=\"Korduva retsepti saamiseks\"  ><label class=\"wpforms-field-label-inline\" for=\"wpforms-181-field_10_1\">Korduva retsepti saamiseks<\/label><\/li><li class=\"choice-2 depth-1\"><input type=\"checkbox\" id=\"wpforms-181-field_10_2\" name=\"wpforms[fields][10][]\" value=\"Tervisekontrolli tegemiseks\"  ><label class=\"wpforms-field-label-inline\" for=\"wpforms-181-field_10_2\">Tervisekontrolli tegemiseks<\/label><\/li><li class=\"choice-3 depth-1\"><input type=\"checkbox\" id=\"wpforms-181-field_10_3\" name=\"wpforms[fields][10][]\" value=\"Anal\u00fc\u00fcside vastuste teadasaamiseks\"  ><label class=\"wpforms-field-label-inline\" for=\"wpforms-181-field_10_3\">Anal\u00fc\u00fcside vastuste teadasaamiseks<\/label><\/li><li class=\"choice-4 depth-1\"><input type=\"checkbox\" id=\"wpforms-181-field_10_4\" name=\"wpforms[fields][10][]\" value=\"T\u00f5endi saamiseks\"  ><label class=\"wpforms-field-label-inline\" for=\"wpforms-181-field_10_4\">T\u00f5endi saamiseks<\/label><\/li><li class=\"choice-5 depth-1\"><input type=\"checkbox\" id=\"wpforms-181-field_10_5\" name=\"wpforms[fields][10][]\" value=\"T\u00f6\u00f6v\u00f5imetuslehe avamiseks\"  ><label class=\"wpforms-field-label-inline\" for=\"wpforms-181-field_10_5\">T\u00f6\u00f6v\u00f5imetuslehe avamiseks<\/label><\/li><li class=\"choice-6 depth-1\"><input type=\"checkbox\" id=\"wpforms-181-field_10_6\" name=\"wpforms[fields][10][]\" value=\"\u00c4geda haigestumise korral\"  ><label class=\"wpforms-field-label-inline\" for=\"wpforms-181-field_10_6\">\u00c4geda haigestumise korral<\/label><\/li><li class=\"choice-7 depth-1\"><input type=\"checkbox\" id=\"wpforms-181-field_10_7\" name=\"wpforms[fields][10][]\" value=\"Muul juhul\"  ><label class=\"wpforms-field-label-inline\" for=\"wpforms-181-field_10_7\">Muul juhul<\/label><\/li><\/ul><\/div><div id=\"wpforms-181-field_11-container\" class=\"wpforms-field wpforms-field-radio\" data-field-id=\"11\"><label class=\"wpforms-field-label\">Kas perearstilt (v\u00f5i pere\u00f5elt) saadud info Teie terviseuuringute v\u00f5i ravi kohta on olnud arusaadav?<\/label><ul id=\"wpforms-181-field_11\"><li class=\"choice-1 depth-1\"><input type=\"radio\" id=\"wpforms-181-field_11_1\" name=\"wpforms[fields][11]\" value=\"Jah\"  ><label class=\"wpforms-field-label-inline\" for=\"wpforms-181-field_11_1\">Jah<\/label><\/li><li class=\"choice-2 depth-1\"><input type=\"radio\" id=\"wpforms-181-field_11_2\" name=\"wpforms[fields][11]\" value=\"Pigem jah\"  ><label class=\"wpforms-field-label-inline\" for=\"wpforms-181-field_11_2\">Pigem jah<\/label><\/li><li class=\"choice-3 depth-1\"><input type=\"radio\" id=\"wpforms-181-field_11_3\" name=\"wpforms[fields][11]\" value=\"Pigem ei\"  ><label class=\"wpforms-field-label-inline\" for=\"wpforms-181-field_11_3\">Pigem ei<\/label><\/li><li class=\"choice-4 depth-1\"><input type=\"radio\" id=\"wpforms-181-field_11_4\" name=\"wpforms[fields][11]\" value=\"Ei\"  ><label class=\"wpforms-field-label-inline\" for=\"wpforms-181-field_11_4\">Ei<\/label><\/li><li class=\"choice-5 depth-1\"><input type=\"radio\" id=\"wpforms-181-field_11_5\" name=\"wpforms[fields][11]\" value=\"Ei oska \u00f6elda\"  ><label class=\"wpforms-field-label-inline\" for=\"wpforms-181-field_11_5\">Ei oska \u00f6elda<\/label><\/li><\/ul><\/div><div id=\"wpforms-181-field_12-container\" class=\"wpforms-field wpforms-field-radio\" data-field-id=\"12\"><label class=\"wpforms-field-label\">Kas teie olete rahul meie t\u00f6\u00f6tajate suhtlemisega?<\/label><ul id=\"wpforms-181-field_12\"><li class=\"choice-1 depth-1\"><input type=\"radio\" id=\"wpforms-181-field_12_1\" name=\"wpforms[fields][12]\" value=\"Jah\"  ><label class=\"wpforms-field-label-inline\" for=\"wpforms-181-field_12_1\">Jah<\/label><\/li><li class=\"choice-2 depth-1\"><input type=\"radio\" id=\"wpforms-181-field_12_2\" name=\"wpforms[fields][12]\" value=\"Pigem jah\"  ><label class=\"wpforms-field-label-inline\" for=\"wpforms-181-field_12_2\">Pigem jah<\/label><\/li><li class=\"choice-3 depth-1\"><input type=\"radio\" id=\"wpforms-181-field_12_3\" name=\"wpforms[fields][12]\" value=\"Pigem ei\"  ><label class=\"wpforms-field-label-inline\" for=\"wpforms-181-field_12_3\">Pigem ei<\/label><\/li><li class=\"choice-4 depth-1\"><input type=\"radio\" id=\"wpforms-181-field_12_4\" name=\"wpforms[fields][12]\" value=\"Ei\"  ><label class=\"wpforms-field-label-inline\" for=\"wpforms-181-field_12_4\">Ei<\/label><\/li><li class=\"choice-5 depth-1\"><input type=\"radio\" id=\"wpforms-181-field_12_5\" name=\"wpforms[fields][12]\" value=\"Ei oska \u00f6elda\"  ><label class=\"wpforms-field-label-inline\" for=\"wpforms-181-field_12_5\">Ei oska \u00f6elda<\/label><\/li><\/ul><\/div><div id=\"wpforms-181-field_2-container\" class=\"wpforms-field wpforms-field-textarea\" data-field-id=\"2\"><label class=\"wpforms-field-label\" for=\"wpforms-181-field_2\">Kui Teil on t\u00e4iendavaid kommentaare, siis palun kirjutage need siia.<\/label><textarea id=\"wpforms-181-field_2\" class=\"wpforms-field-medium\" name=\"wpforms[fields][2]\" ><\/textarea><\/div><\/div><!-- .wpforms-field-container --><div class=\"wpforms-submit-container\" ><input type=\"hidden\" name=\"wpforms[id]\" value=\"181\"><input type=\"hidden\" name=\"page_title\" value=\"\"><input type=\"hidden\" name=\"page_url\" value=\"https:\/\/magdaleenaperearstid.ee\/index.php?rest_route=\/wp\/v2\/pages\/130\"><input type=\"hidden\" name=\"url_referer\" value=\"\"><button type=\"submit\" name=\"wpforms[submit]\" id=\"wpforms-submit-181\" class=\"wpforms-submit\" data-alt-text=\"Sending...\" data-submit-text=\"Saada\" aria-live=\"assertive\" value=\"wpforms-submit\">Saada<\/button><img loading=\"lazy\" decoding=\"async\" src=\"https:\/\/magdaleenaperearstid.ee\/wp-content\/plugins\/wpforms-lite\/assets\/images\/submit-spin.svg\" class=\"wpforms-submit-spinner\" style=\"display: none;\" width=\"26\" height=\"26\" alt=\"Loading\"><\/div><\/form><\/div>  <!-- .wpforms-container -->","protected":false},"excerpt":{"rendered":"","protected":false},"author":1,"featured_media":0,"parent":0,"menu_order":0,"comment_status":"closed","ping_status":"closed","template":"","meta":{"om_disable_all_campaigns":false,"_monsterinsights_skip_tracking":false,"_monsterinsights_sitenote_active":false,"_monsterinsights_sitenote_note":"","_monsterinsights_sitenote_category":0,"footnotes":""},"class_list":["post-130","page","type-page","status-publish","hentry"],"aioseo_notices":[],"_links":{"self":[{"href":"https:\/\/magdaleenaperearstid.ee\/index.php?rest_route=\/wp\/v2\/pages\/130","targetHints":{"allow":["GET"]}}],"collection":[{"href":"https:\/\/magdaleenaperearstid.ee\/index.php?rest_route=\/wp\/v2\/pages"}],"about":[{"href":"https:\/\/magdaleenaperearstid.ee\/index.php?rest_route=\/wp\/v2\/types\/page"}],"author":[{"embeddable":true,"href":"https:\/\/magdaleenaperearstid.ee\/index.php?rest_route=\/wp\/v2\/users\/1"}],"replies":[{"embeddable":true,"href":"https:\/\/magdaleenaperearstid.ee\/index.php?rest_route=%2Fwp%2Fv2%2Fcomments&post=130"}],"version-history":[{"count":3,"href":"https:\/\/magdaleenaperearstid.ee\/index.php?rest_route=\/wp\/v2\/pages\/130\/revisions"}],"predecessor-version":[{"id":208,"href":"https:\/\/magdaleenaperearstid.ee\/index.php?rest_route=\/wp\/v2\/pages\/130\/revisions\/208"}],"wp:attachment":[{"href":"https:\/\/magdaleenaperearstid.ee\/index.php?rest_route=%2Fwp%2Fv2%2Fmedia&parent=130"}],"curies":[{"name":"wp","href":"https:\/\/api.w.org\/{rel}","templated":true}]}}