{"id":146,"date":"2021-07-30T10:42:13","date_gmt":"2021-07-30T10:42:13","guid":{"rendered":"http:\/\/magdaleenaperearstid.ee\/?page_id=146"},"modified":"2021-07-31T08:24:18","modified_gmt":"2021-07-31T08:24:18","slug":"kasulikud-viited","status":"publish","type":"page","link":"https:\/\/magdaleenaperearstid.ee\/?page_id=146","title":{"rendered":"Kasulikud viited"},"content":{"rendered":"\n<p><strong>Eesti Haigekassa<\/strong>\u00a0<a href=\"http:\/\/www.haigekassa.ee\/\">www.haigekassa.ee<\/a>\u00a0(telefon 669 6630 v\u00f5i 16363)<\/p>\n\n\n\n<div class=\"wp-block-group\"><div class=\"wp-block-group__inner-container is-layout-flow wp-block-group-is-layout-flow\">\n<p><strong>Terviseamet<\/strong>\u00a0<a href=\"http:\/\/www.terviseamet.ee\/\">www.terviseamet.ee<\/a>\u00a0(telefon 650 9864)<\/p>\n<\/div><\/div>\n\n\n\n<p><span style=\"text-decoration: underline;\">\u00dcldine h\u00e4daabi telefon<\/span>: 112<\/p>\n\n\n\n<p><span style=\"text-decoration: underline;\">Perearsti n\u00f5uande telefon<\/span> 1220 \u2013 \u00fcleriigiline telefon, kust saab meditsiinilist n\u00f5u 24 tundi \u00f6\u00f6p\u00e4evas eesti ja vene keeles.<\/p>\n\n\n\n<p><span style=\"text-decoration: underline;\">Lastearsti n\u00f5uandetelefon<\/span> 1599 (08:00-24:00).<\/p>\n\n\n\n<p><strong>Ida-Tallinna Keskhaigla<\/strong> (Ravi 18) <span style=\"text-decoration: underline;\">erakorralise meditsiini osakond<\/span> \u2013 avatud 24 tundi, info telefonil 620 7040<\/p>\n\n\n\n<p><strong>L\u00e4\u00e4ne-Tallinna Keskhaigla<\/strong> (Paldiski mnt 68, Meremeeste haigla) <span style=\"text-decoration: underline;\">erakorralise meditsiini osakond<\/span> \u2013 avatud 24 tundi, haigla info 650 7233.<\/p>\n\n\n\n<p><strong>P\u00f5hja-Eesti Regionaalhaigla<\/strong> (S\u00fctiste tee 19) <span style=\"text-decoration: underline;\">erakorralise meditsiini keskus<\/span> \u2013 avatud 24\u00a0tundi, haigla info telefon 617 1300<\/p>\n\n\n\n<p><strong>Tallinna Lastehaigla<\/strong> (Tervise 28) <span style=\"text-decoration: underline;\">erakorralise meditsiini osakond<\/span> teenindab alla 18 aasta vanuseid patsiente, avatud 24 tundi.<\/p>\n\n\n\n<p><span style=\"text-decoration: underline;\">Traumapunkti<\/span> registratuuri telefon 08:00-22.00 697 7194<\/p>\n\n\n\n<p><span style=\"text-decoration: underline;\">M\u00fcrgistusinfo <\/span>24h \u00f6\u00f6p\u00e4evas telefon 16662<\/p>\n\n\n\n<p><br><strong>RAVIKINDLUSTAMATA PATSIENTIDE VASTUV\u00d5TT <\/strong><\/p>\n\n\n\n<p>Tallinna elanike registrisse kuuluvad ravikindlustamata isikud saavad alates 2020. aastast \u00fcldarsti ja kirurgilist ambulatoorset abi L\u00e4\u00e4ne-Tallinna Keskhaiglale kuuluva N\u00f5mme tervisekeskuse (Jaama 11) ruumides, mis asuvad esimesel korrusel.<\/p>\n\n\n\n<p>Lisainfo telefonil 626 1314. <\/p>\n\n\n\n<p>\u00dcldarsti ambulatoorset abi osutatakse j\u00e4rgmistel aegadel: esmasp\u00e4eviti ja neljap\u00e4eviti kell 08:00-12:00 <\/p>\n\n\n\n<p>Kirurgilist ambulatoorset abi osutatakse j\u00e4rgmistel aegadel: neljap\u00e4eviti kell 09:00-11:30.<\/p>\n\n\n\n<div class=\"wp-block-buttons is-layout-flex wp-block-buttons-is-layout-flex\">\n<div class=\"wp-block-button\"><a class=\"wp-block-button__link\" href=\"http:\/\/peavalu.ee\/\">http:\/\/www.peavalu.ee<\/a><\/div>\n\n\n\n<div class=\"wp-block-button\"><a class=\"wp-block-button__link\" href=\"http:\/\/www.diabetes.ee\/\">http:\/\/www.diabetes.ee<\/a><\/div>\n\n\n\n<div class=\"wp-block-button\"><a class=\"wp-block-button__link\" href=\"http:\/\/www.koronaar.ee\/\">http:\/\/www.koronaar.ee<\/a><\/div>\n\n\n\n<div class=\"wp-block-button\"><a class=\"wp-block-button__link\" href=\"http:\/\/www.astma.ee\/\">http:\/\/www.astma.ee<\/a><\/div>\n\n\n\n<div class=\"wp-block-button\"><a class=\"wp-block-button__link\" href=\"http:\/\/www.allergialiit.ee\/\">http:\/\/www.allergialiit.ee<\/a><\/div>\n\n\n\n<div class=\"wp-block-button\"><a class=\"wp-block-button__link\" href=\"http:\/\/www.peaasi.ee\/\">http:\/\/www.peaasi.ee<\/a><\/div>\n\n\n\n<div class=\"wp-block-button\"><a class=\"wp-block-button__link\" href=\"http:\/\/www.akne.ee\/\">http:\/\/www.akne.ee<\/a><\/div>\n\n\n\n<div class=\"wp-block-button\"><a class=\"wp-block-button__link\" href=\"http:\/\/www.alkoinfo.ee\/\">http:\/\/www.alkoinfo.ee<\/a><\/div>\n\n\n\n<div class=\"wp-block-button\"><a class=\"wp-block-button__link\" href=\"http:\/\/www.korvetised.ee\/\">http:\/\/www.korvetised.ee<\/a><\/div>\n\n\n\n<div class=\"wp-block-button\"><a class=\"wp-block-button__link\" href=\"http:\/\/www.derma.ee\/\">http:\/\/www.derma.ee<\/a><\/div>\n\n\n\n<div class=\"wp-block-button\"><a class=\"wp-block-button__link\" href=\"http:\/\/www.kasvaja.net\/\">http:\/\/www.kasvaja.net<\/a><\/div>\n\n\n\n<div class=\"wp-block-button\"><a class=\"wp-block-button__link\" href=\"http:\/\/www.osteoporoos.ee\/\">http:\/\/www.osteoporoos.ee<\/a><\/div>\n\n\n\n<div class=\"wp-block-button\"><a class=\"wp-block-button__link\" href=\"http:\/\/www.liiges.ee\/\">http:\/\/www.liiges.ee<\/a><\/div>\n\n\n\n<div class=\"wp-block-button\"><a class=\"wp-block-button__link\" href=\"http:\/\/www.tromboos.ee\/\">http:\/\/www.tromboos.ee<\/a><\/div>\n\n\n\n<div class=\"wp-block-button\"><a class=\"wp-block-button__link\" href=\"http:\/\/www.vaktsiin.ee\/\">http:\/\/www.vaktsiin.ee<\/a><\/div>\n\n\n\n<div class=\"wp-block-button\"><a class=\"wp-block-button__link\" href=\"http:\/\/www.vaktsineeri.ee\/\">http:\/\/www.vaktsineeri.ee<\/a><\/div>\n\n\n\n<div class=\"wp-block-button\"><a class=\"wp-block-button__link\" href=\"http:\/\/www.suukool.ee\/\">http:\/\/www.suukool.ee<\/a><\/div>\n<\/div>\n","protected":false},"excerpt":{"rendered":"<p>Eesti Haigekassa\u00a0www.haigekassa.ee\u00a0(telefon 669 6630 v\u00f5i 16363) Terviseamet\u00a0www.terviseamet.ee\u00a0(telefon 650 9864) \u00dcldine h\u00e4daabi telefon: 112 Perearsti n\u00f5uande telefon 1220 \u2013 \u00fcleriigiline telefon, kust saab meditsiinilist n\u00f5u 24&#8230;<\/p>\n","protected":false},"author":1,"featured_media":0,"parent":0,"menu_order":0,"comment_status":"closed","ping_status":"closed","template":"","meta":{"om_disable_all_campaigns":false,"_monsterinsights_skip_tracking":false,"_monsterinsights_sitenote_active":false,"_monsterinsights_sitenote_note":"","_monsterinsights_sitenote_category":0,"footnotes":""},"class_list":["post-146","page","type-page","status-publish","hentry"],"aioseo_notices":[],"_links":{"self":[{"href":"https:\/\/magdaleenaperearstid.ee\/index.php?rest_route=\/wp\/v2\/pages\/146","targetHints":{"allow":["GET"]}}],"collection":[{"href":"https:\/\/magdaleenaperearstid.ee\/index.php?rest_route=\/wp\/v2\/pages"}],"about":[{"href":"https:\/\/magdaleenaperearstid.ee\/index.php?rest_route=\/wp\/v2\/types\/page"}],"author":[{"embeddable":true,"href":"https:\/\/magdaleenaperearstid.ee\/index.php?rest_route=\/wp\/v2\/users\/1"}],"replies":[{"embeddable":true,"href":"https:\/\/magdaleenaperearstid.ee\/index.php?rest_route=%2Fwp%2Fv2%2Fcomments&post=146"}],"version-history":[{"count":4,"href":"https:\/\/magdaleenaperearstid.ee\/index.php?rest_route=\/wp\/v2\/pages\/146\/revisions"}],"predecessor-version":[{"id":216,"href":"https:\/\/magdaleenaperearstid.ee\/index.php?rest_route=\/wp\/v2\/pages\/146\/revisions\/216"}],"wp:attachment":[{"href":"https:\/\/magdaleenaperearstid.ee\/index.php?rest_route=%2Fwp%2Fv2%2Fmedia&parent=146"}],"curies":[{"name":"wp","href":"https:\/\/api.w.org\/{rel}","templated":true}]}}