{"id":147,"date":"2021-07-30T10:42:13","date_gmt":"2021-07-30T10:42:13","guid":{"rendered":"http:\/\/magdaleenaperearstid.ee\/?page_id=147"},"modified":"2026-03-09T19:51:31","modified_gmt":"2026-03-09T19:51:31","slug":"vastuvotuajad","status":"publish","type":"page","link":"https:\/\/magdaleenaperearstid.ee\/?page_id=147","title":{"rendered":"Vastuv\u00f5tuajad"},"content":{"rendered":"\n<p><strong>Perearst<\/strong>&nbsp;<strong>KAIE ARPO<\/strong><br>Kabinet 107<br><strong>E&nbsp;<\/strong>08.30-13.00<br><strong>T&nbsp;<\/strong>14.00-18.00<br><strong>K&nbsp;<\/strong>08.30-13.00<br><strong>N&nbsp;<\/strong>14..00-18.00<br><strong>R<\/strong>&nbsp;08.30-13.00 (abiarst <strong>K\u00c4RT ALAS<\/strong>)<\/p>\n\n\n\n<p>Telefonikonsutatsioonid tel. 606 7658 E, K, R 13.00 \u2013 14.00<br><br>Pere\u00f5de &nbsp;<strong>JAANIKA MAIDLA<\/strong><br>Telefon 606 76 58<br>Kabinet 106<br>Vastuv\u00f5tud graafiku alusel E, T, K, N,&nbsp; 8.00 &#8211; 18.00; R 8.00 &#8211; 16.00<\/p>\n\n\n\n<p>Pere\u00f5de &nbsp;<strong>ANNELI \u00d5IM<\/strong><br>Telefon 606 76 58<br>Kabinet 106<br>Vastuv\u00f5tud graafiku alusel E, T, K, N 8.00 &#8211; 18.00<\/p>\n\n\n\n<p><\/p>\n\n\n\n<p><strong>Perearst<\/strong>&nbsp;<strong>HELVE SALUMETS<\/strong><br>Kabinet 103<br><strong>E&nbsp;&nbsp;T&nbsp;&nbsp;K<\/strong>&nbsp;&nbsp;&nbsp;<strong>N&nbsp;&nbsp;<\/strong>paaris kuup\u00e4evadel 09.00 \u2013 13.00, paaritutel kuup\u00e4evadel 14.00 \u2013 18.00&nbsp;<br><strong>R&nbsp;&nbsp;<\/strong>09.00-13.00<\/p>\n\n\n\n<p>Pere\u00f5de&nbsp;<strong>KAILI KAULER<\/strong><br>Telefon 606 77 55<br>E-N paaris kuup\u00e4evadel 08.00 \u2013 15.00, paaritutel kuup\u00e4evadel 12.00 \u2013 18.00<br>Kabinet 104<br>Vastuv\u00f5tud graafiku alusel E, T, K, N 8.00 &#8211; 18.00; R 8.00 &#8211; 16.00<\/p>\n\n\n\n<p>Pere\u00f5de&nbsp;&nbsp;<strong>K\u00dcLLI P\u00d5DER<\/strong><br>Telefon 606 77 55<br>E-N paaris kuup\u00e4evadel 08.00 \u2013 15.00, paaritutel kuup\u00e4evadel 12.00 \u2013 18.00<br>Kabinet 104<br>Vastuv\u00f5tud graafiku alusel E, T, K, N 8.00 &#8211; 18.00; R 8.00 &#8211; 16.00<br><\/p>\n\n\n\n<p><strong>Perearst HANNELA MEIKUP<\/strong><br>Kabinet 102<br><strong>E<\/strong>&nbsp;<strong>T K N<\/strong>&nbsp;paaritutel kuup\u00e4evadel 09.00 \u2013 13.00, paaris kuup\u00e4evadel 14.00 \u2013 18.00<br><strong>R<\/strong>&nbsp;09.00-13.00<\/p>\n\n\n\n<p>Telefonikonsultatsioonid telefonil 606 77 55 enne hommikust vastuv\u00f5ttu 08.30 \u2013 09.00 ja enne \u00f5htust vastuv\u00f5ttu 13.00 \u2013 13.30<\/p>\n\n\n\n<p>Pere\u00f5de &nbsp;<strong>JULIA TEREPENT\u0160UK<\/strong><br>Telefon 606 77 55<br>E-N paaritutel kuup\u00e4evadel 08.00 \u2013 15.00, paaris kuup\u00e4evadel 12.00 \u2013 18.00<br>Kabinet 101<br>Vastuv\u00f5tud graafiku alusel E, T, K, N 8.00 &#8211; 18.00; R 8.00 &#8211; 16.00<\/p>\n\n\n\n<p>Pere\u00f5de &nbsp;<strong>GERLI M\u00c4GI<\/strong><br>Telefon 606 77 55<br>E-N paaritutel kuup\u00e4evadel 08.00 \u2013 15.00, paaris kuup\u00e4evadel 12.00 \u2013 18.00<br>Kabinet 101<br>Vastuv\u00f5tud graafiku alusel E, T, K, N 8.00 &#8211; 18.00; R 8.00 &#8211; 16.00<\/p>\n\n\n\n<p><br>V\u00e4ljaspool perearstikeskuse t\u00f6\u00f6aega saab esmast meditsiinilist n\u00f5u perearsti n\u00f5uandeliinilt 1220, mis t\u00f6\u00f6tab 24\/7. V\u00e4ltimatut meditsiinilist abi Tallinnas osutavad \u00f6\u00f6p\u00e4evaringselt AS ITK erakorralise meditsiini osakond ( EMO ) aadressil Ravi tn 18; AS L\u00e4\u00e4ne-Tallinna EMO, aadressil Paldiski mnt. 68; Regionaalhaigla EMO aadressil J.S\u00fctiste tee 19 ja Tallinna Lastehaigla EMO aadressil Tervise 28.<br>Vajadusel kutsuda kiirabi \u2013 telefon 112<\/p>\n","protected":false},"excerpt":{"rendered":"<p>Perearst&nbsp;KAIE ARPOKabinet 107E&nbsp;08.30-13.00T&nbsp;14.00-18.00K&nbsp;08.30-13.00N&nbsp;14..00-18.00R&nbsp;08.30-13.00 (abiarst K\u00c4RT ALAS) Telefonikonsutatsioonid tel. 606 7658 E, K, R 13.00 \u2013 14.00 Pere\u00f5de &nbsp;JAANIKA MAIDLATelefon 606 76 58Kabinet 106Vastuv\u00f5tud graafiku alusel&#8230;<\/p>\n","protected":false},"author":1,"featured_media":0,"parent":0,"menu_order":0,"comment_status":"closed","ping_status":"closed","template":"","meta":{"om_disable_all_campaigns":false,"_monsterinsights_skip_tracking":false,"_monsterinsights_sitenote_active":false,"_monsterinsights_sitenote_note":"","_monsterinsights_sitenote_category":0,"footnotes":""},"class_list":["post-147","page","type-page","status-publish","hentry"],"aioseo_notices":[],"_links":{"self":[{"href":"https:\/\/magdaleenaperearstid.ee\/index.php?rest_route=\/wp\/v2\/pages\/147","targetHints":{"allow":["GET"]}}],"collection":[{"href":"https:\/\/magdaleenaperearstid.ee\/index.php?rest_route=\/wp\/v2\/pages"}],"about":[{"href":"https:\/\/magdaleenaperearstid.ee\/index.php?rest_route=\/wp\/v2\/types\/page"}],"author":[{"embeddable":true,"href":"https:\/\/magdaleenaperearstid.ee\/index.php?rest_route=\/wp\/v2\/users\/1"}],"replies":[{"embeddable":true,"href":"https:\/\/magdaleenaperearstid.ee\/index.php?rest_route=%2Fwp%2Fv2%2Fcomments&post=147"}],"version-history":[{"count":14,"href":"https:\/\/magdaleenaperearstid.ee\/index.php?rest_route=\/wp\/v2\/pages\/147\/revisions"}],"predecessor-version":[{"id":263,"href":"https:\/\/magdaleenaperearstid.ee\/index.php?rest_route=\/wp\/v2\/pages\/147\/revisions\/263"}],"wp:attachment":[{"href":"https:\/\/magdaleenaperearstid.ee\/index.php?rest_route=%2Fwp%2Fv2%2Fmedia&parent=147"}],"curies":[{"name":"wp","href":"https:\/\/api.w.org\/{rel}","templated":true}]}}